{"id":318,"date":"2022-04-19T13:13:18","date_gmt":"2022-04-19T11:13:18","guid":{"rendered":"\/strompreisvergleich\/?page_id=318"},"modified":"2024-07-30T13:54:47","modified_gmt":"2024-07-30T11:54:47","slug":"impressum","status":"publish","type":"page","link":"https:\/\/bild.wechselpilot.com\/strompreisvergleich\/impressum\/","title":{"rendered":"Impressum"},"content":{"rendered":"\n<div class=\"wp-block-group has-wp-white-background-color has-background\"><div class=\"wp-block-group__inner-container is-layout-flow wp-block-group-is-layout-flow\">\n<p><strong>Der Strompreisvergleich auf \u201ebild.de\/strompreisvergleich\u201c\u00a0wird bereitgestellt von der Wechselpilot GmbH.<\/strong><\/p>\n\n\n\n<p><strong>Kontakt<\/strong><br>Wechselpilot GmbH<br>Reimersbr\u00fccke 5 | 20457 Hamburg<br>+49(0)4088215665-0<br>info@wechselpilot.com<\/p>\n\n\n\n<p><strong>Gesch\u00e4ftsf\u00fchrer<\/strong><br>Maximilian Both &amp; Maximilian Stephan<\/p>\n\n\n\n<p><strong>Handelsregister<\/strong><br>Amtsgericht Hamburg<br>HRB 141777<br>USt-IdNr. DE306548990<\/p>\n\n\n\n<p><strong>Verantwortlich f\u00fcr redaktionelle Inhalte i.S.d. \u00a718 Abs. 2 MStV<\/strong><br>Maximilian Stephan, Reimersbr\u00fccke 5, 20457 Hamburg<\/p>\n\n\n\n<p><strong>Informationen zur Online-Streitbeilegung gem. ODR-Verordnung 524\/2013<\/strong><br>Im Rahmen der Verordnung \u00fcber Online-Streitbeilegung zu Verbraucherangelegenheiten steht Ihnen unter&nbsp;<a href=\"https:\/\/ec.europa.eu\/consumers\/odr\/main\/index.cfm?event=main.home2.show&amp;lng=DE\" rel=\"nofollow noopener\" target=\"_blank\">https:\/\/ec.europa.eu\/consumers\/odr\/<\/a>&nbsp;eine Online-Streitbeilegungsplattform der EU-Kommission zur Verf\u00fcgung. Unsere E-Mailadresse lautet:&nbsp;<a rel=\"noreferrer noopener\" href=\"mailto:info@wechselpilot.com\" target=\"_blank\">info@wechselpilot.com<\/a>.<\/p>\n\n\n\n<p><strong>Alternative Streitbeilegung gem\u00e4\u00df Verbraucherstreitbeilegungsgesetz<br><\/strong>Wir weisen Sie darauf hin, dass die Wechselpilot GmbH nicht bereit und nicht verpflichtet ist, an Streitbeilegungsverfahren vor einer Verbraucherschlichtungsstelle teilzunehmen.<\/p>\n\n\n\n<p>Die Inhalte dieser Website werden mit gr\u00f6\u00dftm\u00f6glicher Sorgfalt erstellt. Die Wechselpilot GmbH \u00fcbernimmt jedoch keine Gew\u00e4hr f\u00fcr die Richtigkeit, Vollst\u00e4ndigkeit und Aktualit\u00e4t der bereitgestellten Inhalte. Die Nutzung der Inhalte der Website www.wechselpilot.com erfolgt auf eigene Gefahr des Nutzers. Namentlich gekennzeichnete Beitr\u00e4ge geben die Meinung des jeweiligen Autors und nicht immer die Meinung des Anbieters wieder. Mit der reinen Nutzung der Website des Anbieters kommt keinerlei Vertragsverh\u00e4ltnis zwischen dem Nutzer von www.wechselpilot.com und dem Anbieter zustande.<\/p>\n\n\n\n<p><strong>Externe Links<\/strong><br>Diese Website enth\u00e4lt Verkn\u00fcpfungen zu Websites Dritter (\u201cexterne Links\u201d). Diese Websites unterliegen der Haftung der jeweiligen Betreiber. Der Anbieter hat bei der erstmaligen Verkn\u00fcpfung der externen Links die fremden Inhalte daraufhin \u00fcberpr\u00fcft, ob etwaige Rechtsverst\u00f6\u00dfe bestehen. Zu dem Zeitpunkt waren keine Rechtsverst\u00f6\u00dfe ersichtlich. Der Anbieter hat keinerlei Einfluss auf die aktuelle und zuk\u00fcnftige Gestaltung und auf die Inhalte der verkn\u00fcpften Seiten. Das Setzen von externen Links bedeutet nicht, dass sich der Anbieter die hinter dem Verweis oder Link liegenden Inhalte zu Eigen macht. Eine st\u00e4ndige Kontrolle der externen Links ist f\u00fcr den Anbieter ohne konkrete Hinweise auf Rechtsverst\u00f6\u00dfe nicht zumutbar. Bei Kenntnis von Rechtsverst\u00f6\u00dfen werden jedoch derartige externe Links unverz\u00fcglich gel\u00f6scht.<\/p>\n\n\n\n<p><strong>Urheber- und Leistungsschutzrechte<\/strong><br>Die auf dieser Website ver\u00f6ffentlichten Inhalte unterliegen dem deutschen Urheber- und Leistungsschutzrecht. Jede vom deutschen Urheber- und Leistungsschutzrecht nicht zugelassene Verwertung bedarf der vorherigen schriftlichen Zustimmung des Anbieters oder jeweiligen Rechteinhabers. Dies gilt insbesondere f\u00fcr Vervielf\u00e4ltigung, Bearbeitung, \u00dcbersetzung, Einspeicherung, Verarbeitung bzw. Wiedergabe von Inhalten in Datenbanken oder anderen elektronischen Medien und Systemen. Inhalte und Rechte Dritter sind dabei als solche gekennzeichnet. Die unerlaubte Vervielf\u00e4ltigung oder Weitergabe einzelner Inhalte oder kompletter Seiten ist nicht gestattet und strafbar. Lediglich die Herstellung von Kopien und Downloads f\u00fcr den pers\u00f6nlichen, privaten und nicht kommerziellen Gebrauch ist erlaubt. Die Darstellung dieser Website in fremden Frames ist nur mit schriftlicher Erlaubnis zul\u00e4ssig.<\/p>\n<\/div><\/div>\n","protected":false},"excerpt":{"rendered":"<p>Der Strompreisvergleich auf \u201ebild.de\/strompreisvergleich\u201c\u00a0wird bereitgestellt von der Wechselpilot GmbH. KontaktWechselpilot GmbHReimersbr\u00fccke 5 | 20457 Hamburg+49(0)4088215665-0info@wechselpilot.com Gesch\u00e4ftsf\u00fchrerMaximilian Both &amp; Maximilian Stephan HandelsregisterAmtsgericht HamburgHRB 141777USt-IdNr. DE306548990 Verantwortlich f\u00fcr redaktionelle Inhalte i.S.d. \u00a718 Abs. 2 MStVMaximilian Stephan, Reimersbr\u00fccke 5, 20457 Hamburg Informationen zur Online-Streitbeilegung gem. ODR-Verordnung 524\/2013Im Rahmen der Verordnung \u00fcber Online-Streitbeilegung zu Verbraucherangelegenheiten steht Ihnen unter&nbsp;https:\/\/ec.europa.eu\/consumers\/odr\/&nbsp;eine Online-Streitbeilegungsplattform [&hellip;]<\/p>\n","protected":false},"author":7,"featured_media":0,"parent":0,"menu_order":0,"comment_status":"closed","ping_status":"closed","template":"","meta":{"_acf_changed":false,"inline_featured_image":false,"footnotes":""},"class_list":["post-318","page","type-page","status-publish","hentry"],"acf":[],"_links":{"self":[{"href":"https:\/\/bild.wechselpilot.com\/strompreisvergleich\/wp-json\/wp\/v2\/pages\/318","targetHints":{"allow":["GET"]}}],"collection":[{"href":"https:\/\/bild.wechselpilot.com\/strompreisvergleich\/wp-json\/wp\/v2\/pages"}],"about":[{"href":"https:\/\/bild.wechselpilot.com\/strompreisvergleich\/wp-json\/wp\/v2\/types\/page"}],"author":[{"embeddable":true,"href":"https:\/\/bild.wechselpilot.com\/strompreisvergleich\/wp-json\/wp\/v2\/users\/7"}],"replies":[{"embeddable":true,"href":"https:\/\/bild.wechselpilot.com\/strompreisvergleich\/wp-json\/wp\/v2\/comments?post=318"}],"version-history":[{"count":8,"href":"https:\/\/bild.wechselpilot.com\/strompreisvergleich\/wp-json\/wp\/v2\/pages\/318\/revisions"}],"predecessor-version":[{"id":17574,"href":"https:\/\/bild.wechselpilot.com\/strompreisvergleich\/wp-json\/wp\/v2\/pages\/318\/revisions\/17574"}],"wp:attachment":[{"href":"https:\/\/bild.wechselpilot.com\/strompreisvergleich\/wp-json\/wp\/v2\/media?parent=318"}],"curies":[{"name":"wp","href":"https:\/\/api.w.org\/{rel}","templated":true}]}}